{"id":9145,"date":"2018-10-25T16:13:31","date_gmt":"2018-10-25T16:13:31","guid":{"rendered":"http:\/\/bolmax.com\/?page_id=9145"},"modified":"2018-10-25T16:13:31","modified_gmt":"2018-10-25T16:13:31","slug":"politica-de-privacidad","status":"publish","type":"page","link":"https:\/\/bolmax.com\/?page_id=9145","title":{"rendered":"Pol\u00edtica de Privacidad"},"content":{"rendered":"<p style=\"text-align: left;\">POLITICA DE PRIVACIDAD<br \/>\n\u00bfQui\u00e9n es el responsable del tratamiento de sus datos?<br \/>\nEl responsable del tratamiento es MARMOLES BOLMAX, S.L., entidad domiciliada en:<br \/>\nCtra. Novelda \u2013 La Romana Km 6.7<br \/>\nCIF: B53164000<br \/>\nTel\u00e9fono de contacto: 965696929<br \/>\nCorreo Electr\u00f3nico: info@bolmax.com<br \/>\n\u00bfPara qu\u00e9 usamos los datos?<br \/>\nLos datos de los que disponemos nos servir\u00e1n para poder ofrecerle informaci\u00f3n sobre nuestros<br \/>\nproductos o servicios siempre y cuando usted no ejercite sus derechos de oposici\u00f3n y\/o<br \/>\ncancelaci\u00f3n.<br \/>\nDisponemos de sus datos porque es o fue cliente o, en su momento, solicito informaci\u00f3n de<br \/>\nnuestros productos al ponerse en contacto con nosotros v\u00eda telef\u00f3nica, email o mediante la<br \/>\ncumplimentaci\u00f3n y aceptaci\u00f3n del formulario alojado nuestra p\u00e1gina web.<br \/>\nACEPTO<br \/>\n\u00bfCu\u00e1l es la legitimaci\u00f3n para el tratamiento de sus datos?<br \/>\nEl tratamiento de sus datos est\u00e1 basado en su consentimiento por lo que usted podr\u00e1 oponerse<br \/>\nen cualquier momento a este tipo de env\u00edos, enviando un correo electr\u00f3nico a la direcci\u00f3n<br \/>\ninfo@bolmax.com indicando en el asunto \u00abBaja RGPD\u00bb.<br \/>\n\u00bfA qui\u00e9n se comunicar\u00e1n tus datos?<br \/>\nSus datos personales \u00fanicamente se compartir\u00e1n organismos p\u00fablicos en aquellos casos en los<br \/>\nque ello venga impuesto por obligaci\u00f3n legal.<br \/>\n\u00bfQu\u00e9 derechos tiene?<br \/>\nLas personas interesadas tienen derecho a acceder a sus datos personales; as\u00ed como a solicitar<br \/>\nla rectificaci\u00f3n de los mismos, cuando resulten inexactos o incompletos; y, en su caso, solicitar<br \/>\nsu supresi\u00f3n cuando, entre otros motivos, los datos ya no sean necesarios para los fines para<br \/>\nlos que fueron recogidos.<br \/>\nLe informamos que puede oponerse o solicitar la limitaci\u00f3n del tratamiento de sus datos<br \/>\npersonales, en cuyo caso dejaremos de tratarlos o \u00fanicamente los conservaremos para el<br \/>\nejercicio o la defensa de reclamaciones.<br \/>\nFinalmente le asiste el derecho a la portabilidad para obtener copia de sus datos en un formato<br \/>\nestructurado, de uso com\u00fan y lectura mec\u00e1nica.<br \/>\n\u00bfC\u00f3mo puede ejercitarlos?<br \/>\nPara ejercitar los derechos deber\u00e1 presentar un escrito en la direcci\u00f3n del responsable del<br \/>\nfichero o enviar comunicado al correo electr\u00f3nico: info@bolmax.com.<br \/>\nDeber\u00e1 especificar cu\u00e1l de estos derechos solicita sea satisfecho y, a su vez, deber\u00e1<br \/>\nacompa\u00f1arse de la fotocopia del DNI o documento identificativo equivalente. En caso de que<br \/>\nactuara mediante representante, legal o voluntario, deber\u00e1 aportar tambi\u00e9n documento que<br \/>\nacredite la representaci\u00f3n y documento identificativo del mismo.<br \/>\nPara facilitarle el ejercicio de estos derechos puede solicitarnos un modelo en la direcci\u00f3n de<br \/>\ncorreo electr\u00f3nico indicada anteriormente.<br \/>\nTambi\u00e9n puede obtener modelos para el ejercicio de estos derechos en la p\u00e1gina WEB de la<br \/>\nAEPD: www.agpd.es.<br \/>\nAsimismo, le informamos que si no ha obtenido satisfacci\u00f3n en el ejercicio de sus derechos,<br \/>\npuede presentar una reclamaci\u00f3n ante la Agencia Espa\u00f1ola de Protecci\u00f3n de Datos.<\/p>\n","protected":false},"excerpt":{"rendered":"<p>POLITICA DE PRIVACIDAD \u00bfQui\u00e9n es el responsable del tratamiento de sus datos? El responsable del tratamiento es MARMOLES BOLMAX, S.L., entidad domiciliada en: Ctra. Novelda \u2013 La Romana Km 6.7 CIF: B53164000 Tel\u00e9fono de contacto: 965696929 Correo Electr\u00f3nico: info@bolmax.com \u00bfPara qu\u00e9 usamos los datos? Los datos de los que disponemos nos servir\u00e1n para poder ofrecerle [&hellip;]<\/p>\n","protected":false},"author":1,"featured_media":0,"parent":0,"menu_order":0,"comment_status":"closed","ping_status":"closed","template":"","meta":{"footnotes":""},"class_list":["post-9145","page","type-page","status-publish","hentry"],"_links":{"self":[{"href":"https:\/\/bolmax.com\/index.php?rest_route=\/wp\/v2\/pages\/9145","targetHints":{"allow":["GET"]}}],"collection":[{"href":"https:\/\/bolmax.com\/index.php?rest_route=\/wp\/v2\/pages"}],"about":[{"href":"https:\/\/bolmax.com\/index.php?rest_route=\/wp\/v2\/types\/page"}],"author":[{"embeddable":true,"href":"https:\/\/bolmax.com\/index.php?rest_route=\/wp\/v2\/users\/1"}],"replies":[{"embeddable":true,"href":"https:\/\/bolmax.com\/index.php?rest_route=%2Fwp%2Fv2%2Fcomments&post=9145"}],"version-history":[{"count":2,"href":"https:\/\/bolmax.com\/index.php?rest_route=\/wp\/v2\/pages\/9145\/revisions"}],"predecessor-version":[{"id":9147,"href":"https:\/\/bolmax.com\/index.php?rest_route=\/wp\/v2\/pages\/9145\/revisions\/9147"}],"wp:attachment":[{"href":"https:\/\/bolmax.com\/index.php?rest_route=%2Fwp%2Fv2%2Fmedia&parent=9145"}],"curies":[{"name":"wp","href":"https:\/\/api.w.org\/{rel}","templated":true}]}}