{"id":500,"date":"2015-09-15T11:47:32","date_gmt":"2015-09-15T11:47:32","guid":{"rendered":"http:\/\/bolmax.com\/index.php\/about-me-ii\/"},"modified":"2017-11-28T16:45:54","modified_gmt":"2017-11-28T16:45:54","slug":"about-me-ii","status":"publish","type":"page","link":"https:\/\/bolmax.com\/?page_id=500","title":{"rendered":"Profesionalidad"},"content":{"rendered":"<p>[vc_row][vc_column]<link href=\"https:\/\/fonts.googleapis.com\/css?family=Montserrat%3A400\" rel=\"stylesheet\" property=\"stylesheet\" type=\"text\/css\" media=\"all\" \/>\n<div id=\"rev_slider_10_1_wrapper\" class=\"rev_slider_wrapper fullwidthbanner-container\" style=\"margin:0px auto;background-color:transparent;padding:0px;margin-top:0px;margin-bottom:0px;\">\n<!-- START REVOLUTION SLIDER 5.2.5.2 fullwidth mode -->\n\t<div id=\"rev_slider_10_1\" class=\"rev_slider fullwidthabanner\" style=\"display:none;\" data-version=\"5.2.5.2\">\n<ul>\t<!-- SLIDE  -->\n\t<li data-index=\"rs-24\" data-transition=\"fade\" data-slotamount=\"default\" data-hideafterloop=\"0\" data-hideslideonmobile=\"off\"  data-easein=\"default\" data-easeout=\"default\" data-masterspeed=\"default\"  data-thumb=\"https:\/\/bolmax.com\/wp-content\/uploads\/2017\/11\/profeslide2-100x50.jpg\"  data-rotate=\"0\"  data-saveperformance=\"off\"  data-title=\"Slide\" data-param1=\"\" data-param2=\"\" data-param3=\"\" data-param4=\"\" data-param5=\"\" data-param6=\"\" data-param7=\"\" data-param8=\"\" data-param9=\"\" data-param10=\"\" data-description=\"\">\n\t\t<!-- MAIN IMAGE -->\n\t\t<img loading=\"lazy\" decoding=\"async\" src=\"https:\/\/bolmax.com\/wp-content\/uploads\/2017\/11\/profeslide2.jpg\"  alt=\"\" title=\"MARMOLES BOLMAX\"  width=\"1450\" height=\"967\" data-bgposition=\"center center\" data-bgfit=\"cover\" data-bgrepeat=\"no-repeat\" data-bgparallax=\"off\" class=\"rev-slidebg\" data-no-retina>\n\t\t<!-- LAYERS -->\n\n\t\t<!-- LAYER NR. 1 -->\n\t\t<div class=\"tp-caption tp-layer-selectable  tp-resizeme\" \n\t\t\t id=\"slide-24-layer-1\" \n\t\t\t data-x=\"['left','left','left','left']\" data-hoffset=\"['216','216','216','216']\" \n\t\t\t data-y=\"['top','top','top','top']\" data-voffset=\"['100','100','100','100']\" \n\t\t\t\t\t\tdata-width=\"603\"\n\t\t\tdata-height=\"243\"\n\t\t\tdata-whitespace=\"normal\"\n\t\t\tdata-transform_idle=\"o:1;\"\n \n\t\t\t data-transform_in=\"opacity:0;s:990;e:Power2.easeInOut;\" \n\t\t\t data-transform_out=\"opacity:0;s:300;\" \n\t\t\tdata-start=\"1110\" \n\t\t\tdata-splitin=\"none\" \n\t\t\tdata-splitout=\"none\" \n\t\t\tdata-responsive_offset=\"on\" \n\n\t\t\t\n\t\t\tstyle=\"z-index: 5; min-width: 603px; max-width: 603px; max-width: 243px; max-width: 243px; white-space: normal; font-size: 70px; line-height: 75px; font-weight: 400; color: rgba(255, 255, 255, 1.00);font-family:Montserrat;\">\n <\/div>\n\t<\/li>\n\t<!-- SLIDE  -->\n\t<li data-index=\"rs-26\" data-transition=\"fade\" data-slotamount=\"default\" data-hideafterloop=\"0\" data-hideslideonmobile=\"off\"  data-easein=\"default\" data-easeout=\"default\" data-masterspeed=\"default\"  data-thumb=\"https:\/\/bolmax.com\/wp-content\/uploads\/2017\/09\/innovacion.2-100x50.jpg\"  data-rotate=\"0\"  data-saveperformance=\"off\"  data-title=\"Slide\" data-param1=\"\" data-param2=\"\" data-param3=\"\" data-param4=\"\" data-param5=\"\" data-param6=\"\" data-param7=\"\" data-param8=\"\" data-param9=\"\" data-param10=\"\" data-description=\"\">\n\t\t<!-- MAIN IMAGE -->\n\t\t<img loading=\"lazy\" decoding=\"async\" src=\"https:\/\/bolmax.com\/wp-content\/uploads\/2017\/09\/innovacion.2.jpg\"  alt=\"\" title=\"innovacion.2\"  width=\"1600\" height=\"1067\" data-bgposition=\"center center\" data-bgfit=\"cover\" data-bgrepeat=\"no-repeat\" data-bgparallax=\"off\" class=\"rev-slidebg\" data-no-retina>\n\t\t<!-- LAYERS -->\n\t<\/li>\n\t<!-- SLIDE  -->\n\t<li data-index=\"rs-23\" data-transition=\"fade\" data-slotamount=\"default\" data-hideafterloop=\"0\" data-hideslideonmobile=\"off\"  data-easein=\"default\" data-easeout=\"default\" data-masterspeed=\"default\"  data-thumb=\"https:\/\/bolmax.com\/wp-content\/uploads\/2017\/11\/espe-100x50.jpg\"  data-rotate=\"0\"  data-saveperformance=\"off\"  data-title=\"Slide\" data-param1=\"\" data-param2=\"\" data-param3=\"\" data-param4=\"\" data-param5=\"\" data-param6=\"\" data-param7=\"\" data-param8=\"\" data-param9=\"\" data-param10=\"\" data-description=\"\">\n\t\t<!-- MAIN IMAGE -->\n\t\t<img loading=\"lazy\" decoding=\"async\" src=\"https:\/\/bolmax.com\/wp-content\/uploads\/2017\/11\/espe.jpg\"  alt=\"\" title=\"espe\"  width=\"1450\" height=\"967\" data-bgposition=\"center center\" data-bgfit=\"cover\" data-bgrepeat=\"no-repeat\" data-bgparallax=\"off\" class=\"rev-slidebg\" data-no-retina>\n\t\t<!-- LAYERS -->\n\t<\/li>\n<\/ul>\n<script>var htmlDiv = document.getElementById(\"rs-plugin-settings-inline-css\"); var htmlDivCss=\"\";\r\n\t\t\t\t\t\tif(htmlDiv) {\r\n\t\t\t\t\t\t\thtmlDiv.innerHTML = htmlDiv.innerHTML + htmlDivCss;\r\n\t\t\t\t\t\t}else{\r\n\t\t\t\t\t\t\tvar htmlDiv = document.createElement(\"div\");\r\n\t\t\t\t\t\t\thtmlDiv.innerHTML = \"<style>\" + htmlDivCss + \"<\/style>\";\r\n\t\t\t\t\t\t\tdocument.getElementsByTagName(\"head\")[0].appendChild(htmlDiv.childNodes[0]);\r\n\t\t\t\t\t\t}\r\n\t\t\t\t\t<\/script>\n<div class=\"tp-bannertimer tp-bottom\" style=\"visibility: hidden !important;\"><\/div>\t<\/div>\n<script>var htmlDiv = document.getElementById(\"rs-plugin-settings-inline-css\"); var htmlDivCss=\"\";\r\n\t\t\t\tif(htmlDiv) {\r\n\t\t\t\t\thtmlDiv.innerHTML = htmlDiv.innerHTML + htmlDivCss;\r\n\t\t\t\t}else{\r\n\t\t\t\t\tvar htmlDiv = document.createElement(\"div\");\r\n\t\t\t\t\thtmlDiv.innerHTML = \"<style>\" + htmlDivCss + \"<\/style>\";\r\n\t\t\t\t\tdocument.getElementsByTagName(\"head\")[0].appendChild(htmlDiv.childNodes[0]);\r\n\t\t\t\t}\r\n\t\t\t<\/script>\n\t\t<script type=\"text\/javascript\">\r\n\t\t\t\t\t\t\/******************************************\r\n\t\t\t\t-\tPREPARE PLACEHOLDER FOR SLIDER\t-\r\n\t\t\t******************************************\/\r\n\r\n\t\t\tvar setREVStartSize=function(){\r\n\t\t\t\ttry{var e=new Object,i=jQuery(window).width(),t=9999,r=0,n=0,l=0,f=0,s=0,h=0;\r\n\t\t\t\t\te.c = jQuery('#rev_slider_10_1');\r\n\t\t\t\t\te.responsiveLevels = [1240,1024,1024,1024];\r\n\t\t\t\t\te.gridwidth = [1400,1270,778,480];\r\n\t\t\t\t\te.gridheight = [600,600,960,720];\r\n\t\t\t\t\t\t\t\r\n\t\t\t\t\te.sliderLayout = \"fullwidth\";\r\n\t\t\t\t\tif(e.responsiveLevels&&(jQuery.each(e.responsiveLevels,function(e,f){f>i&&(t=r=f,l=e),i>f&&f>r&&(r=f,n=e)}),t>r&&(l=n)),f=e.gridheight[l]||e.gridheight[0]||e.gridheight,s=e.gridwidth[l]||e.gridwidth[0]||e.gridwidth,h=i\/s,h=h>1?1:h,f=Math.round(h*f),\"fullscreen\"==e.sliderLayout){var u=(e.c.width(),jQuery(window).height());if(void 0!=e.fullScreenOffsetContainer){var c=e.fullScreenOffsetContainer.split(\",\");if (c) jQuery.each(c,function(e,i){u=jQuery(i).length>0?u-jQuery(i).outerHeight(!0):u}),e.fullScreenOffset.split(\"%\").length>1&&void 0!=e.fullScreenOffset&&e.fullScreenOffset.length>0?u-=jQuery(window).height()*parseInt(e.fullScreenOffset,0)\/100:void 0!=e.fullScreenOffset&&e.fullScreenOffset.length>0&&(u-=parseInt(e.fullScreenOffset,0))}f=u}else void 0!=e.minHeight&&f<e.minHeight&&(f=e.minHeight);e.c.closest(\".rev_slider_wrapper\").css({height:f})\r\n\t\t\t\t\t\r\n\t\t\t\t}catch(d){console.log(\"Failure at Presize of Slider:\"+d)}\r\n\t\t\t};\r\n\t\t\t\r\n\t\t\tsetREVStartSize();\r\n\t\t\t\r\n\t\t\t\t\t\tvar tpj=jQuery;\r\n\t\t\t\r\n\t\t\tvar revapi10;\r\n\t\t\ttpj(document).ready(function() {\n\t\t\t\tif(tpj(\"#rev_slider_10_1\").revolution == undefined){\n\t\t\t\t\trevslider_showDoubleJqueryError(\"#rev_slider_10_1\");\n\t\t\t\t}else{\n\t\t\t\t\trevapi10 = tpj(\"#rev_slider_10_1\").show().revolution({\n\t\t\t\t\t\tsliderType:\"standard\",\njsFileLocation:\"\/\/bolmax.com\/wp-content\/plugins\/revslider\/public\/assets\/js\/\",\n\t\t\t\t\t\tsliderLayout:\"fullwidth\",\n\t\t\t\t\t\tdottedOverlay:\"none\",\n\t\t\t\t\t\tdelay:3000,\n\t\t\t\t\t\tnavigation: {\n\t\t\t\t\t\t\tkeyboardNavigation:\"off\",\n\t\t\t\t\t\t\tkeyboard_direction: \"horizontal\",\n\t\t\t\t\t\t\tmouseScrollNavigation:\"off\",\n \t\t\t\t\t\t\tmouseScrollReverse:\"default\",\n\t\t\t\t\t\t\tonHoverStop:\"off\",\n\t\t\t\t\t\t\ttouch:{\n\t\t\t\t\t\t\t\ttouchenabled:\"on\",\n\t\t\t\t\t\t\t\tswipe_threshold: 75,\n\t\t\t\t\t\t\t\tswipe_min_touches: 50,\n\t\t\t\t\t\t\t\tswipe_direction: \"horizontal\",\n\t\t\t\t\t\t\t\tdrag_block_vertical: false\n\t\t\t\t\t\t\t}\n\t\t\t\t\t\t\t,\n\t\t\t\t\t\t\tbullets: {\n\t\t\t\t\t\t\t\tenable:true,\n\t\t\t\t\t\t\t\thide_onmobile:true,\n\t\t\t\t\t\t\t\thide_under:600,\n\t\t\t\t\t\t\t\tstyle:\"hephaistos\",\n\t\t\t\t\t\t\t\thide_onleave:true,\n\t\t\t\t\t\t\t\thide_delay:200,\n\t\t\t\t\t\t\t\thide_delay_mobile:1200,\n\t\t\t\t\t\t\t\tdirection:\"vertical\",\n\t\t\t\t\t\t\t\th_align:\"right\",\n\t\t\t\t\t\t\t\tv_align:\"center\",\n\t\t\t\t\t\t\t\th_offset:30,\n\t\t\t\t\t\t\t\tv_offset:0,\n\t\t\t\t\t\t\t\tspace:5,\n\t\t\t\t\t\t\t\ttmp:''\n\t\t\t\t\t\t\t}\n\t\t\t\t\t\t},\n\t\t\t\t\t\tviewPort: {\n\t\t\t\t\t\t\tenable:true,\n\t\t\t\t\t\t\toutof:\"wait\",\n\t\t\t\t\t\t\tvisible_area:\"80%\"\n\t\t\t\t\t\t},\n\t\t\t\t\t\tresponsiveLevels:[1240,1024,1024,1024],\n\t\t\t\t\t\tvisibilityLevels:[1240,1024,1024,1024],\n\t\t\t\t\t\tgridwidth:[1400,1270,778,480],\n\t\t\t\t\t\tgridheight:[600,600,960,720],\n\t\t\t\t\t\tlazyType:\"none\",\n\t\t\t\t\t\tparallax: {\n\t\t\t\t\t\t\ttype:\"mouse\",\n\t\t\t\t\t\t\torigo:\"slidercenter\",\n\t\t\t\t\t\t\tspeed:2000,\n\t\t\t\t\t\t\tlevels:[2,3,4,5,6,7,12,16,10,50,47,48,49,50,51,55],\n\t\t\t\t\t\t\ttype:\"mouse\",\n\t\t\t\t\t\t},\n\t\t\t\t\t\tshadow:0,\n\t\t\t\t\t\tspinner:\"off\",\n\t\t\t\t\t\tstopLoop:\"off\",\n\t\t\t\t\t\tstopAfterLoops:-1,\n\t\t\t\t\t\tstopAtSlide:-1,\n\t\t\t\t\t\tshuffle:\"off\",\n\t\t\t\t\t\tautoHeight:\"off\",\n\t\t\t\t\t\tdisableProgressBar:\"on\",\n\t\t\t\t\t\thideThumbsOnMobile:\"on\",\n\t\t\t\t\t\thideSliderAtLimit:0,\n\t\t\t\t\t\thideCaptionAtLimit:0,\n\t\t\t\t\t\thideAllCaptionAtLilmit:0,\n\t\t\t\t\t\tdebugMode:false,\n\t\t\t\t\t\tfallbacks: {\n\t\t\t\t\t\t\tsimplifyAll:\"off\",\n\t\t\t\t\t\t\tnextSlideOnWindowFocus:\"off\",\n\t\t\t\t\t\t\tdisableFocusListener:false,\n\t\t\t\t\t\t}\n\t\t\t\t\t});\n\t\t\t\t}\n\t\t\t});\t\/*ready*\/\n\t\t<\/script>\r\n\t\t<script>\r\n\t\t\t\t\tvar htmlDivCss = unescape(\".hephaistos%20.tp-bullet%20%7B%0A%09width%3A12px%3B%0A%09height%3A12px%3B%0A%09position%3Aabsolute%3B%0A%09background%3Argba%28153%2C%20153%2C%20153%2C%201%29%3B%0A%09border%3A3px%20solid%20rgba%28255%2C255%2C255%2C0.9%29%3B%0A%09border-radius%3A50%25%3B%0A%09cursor%3A%20pointer%3B%0A%09box-sizing%3Acontent-box%3B%0A%20%20%20%20box-shadow%3A%200px%200px%202px%201px%20rgba%28130%2C130%2C130%2C%200.3%29%3B%0A%7D%0A.hephaistos%20.tp-bullet%3Ahover%2C%0A.hephaistos%20.tp-bullet.selected%20%7B%0A%09background%3Argba%28255%2C%20255%2C%20255%2C%201%29%3B%0A%20%20%20%20border-color%3Argba%280%2C%200%2C%200%2C%201%29%3B%0A%7D%0A\");\r\n\t\t\t\t\tvar htmlDiv = document.getElementById('rs-plugin-settings-inline-css');\r\n\t\t\t\t\tif(htmlDiv) {\r\n\t\t\t\t\t\thtmlDiv.innerHTML = htmlDiv.innerHTML + htmlDivCss;\r\n\t\t\t\t\t}\r\n\t\t\t\t\telse{\r\n\t\t\t\t\t\tvar htmlDiv = document.createElement('div');\r\n\t\t\t\t\t\thtmlDiv.innerHTML = '<style>' + htmlDivCss + '<\/style>';\r\n\t\t\t\t\t\tdocument.getElementsByTagName('head')[0].appendChild(htmlDiv.childNodes[0]);\r\n\t\t\t\t\t}\r\n\t\t\t\t  <\/script>\r\n\t\t\t\t<\/div><!-- END REVOLUTION SLIDER -->[\/vc_column][\/vc_row][vc_row equal_column_height=\u00bbmiddle-content\u00bb padding_top=\u00bb60&#8243; padding_bottom=\u00bb60&#8243;][vc_column width=\u00bb1\/2&#8243; heading_color=\u00bbprimary-1&#8243;][vc_empty_space height=\u00bb20px\u00bb]<div class=\"grve-element grve-slogan grve-align-left\" style=\"\"><h2 class=\"grve-slogan-title grve-align-left grve-h3\"><span>ESPECIALIZACI\u00d3N<\/span><\/h2><\/div>[vc_column_text]<\/p>\n<div align=\"justify\">\n<p>Nuestra organizaci\u00f3n se plantea objetivos a corto, mediano y largo plazo, no solo para subsistir sino para reinventarse.<\/p>\n<p>La clave de una gesti\u00f3n acertada, est\u00e1 en la gente que en ella participa. Contamos con recursos humanos de alta calidad\u00a0que poseen los conocimientos y la experiencia que se requieren y tienen la capacidad de cambiar y ser flexibles de acuerdo a los cambios que nos demanda el mercado, para enfrentar dichos cambios de manera exitosa y ajustarse debidamente a ellos.<\/p>\n<\/div>\n<p>[\/vc_column_text][vc_empty_space height=\u00bb45px\u00bb][vc_empty_space height=\u00bb45px\u00bb][\/vc_column][vc_column width=\u00bb1\/2&#8243;]<div class=\"grve-element grve-image grve-align-center\" style=\"\">  <img loading=\"lazy\" decoding=\"async\" class=\"\" alt=\"\" src=\"https:\/\/bolmax.com\/wp-content\/uploads\/2017\/11\/profe-600x422.jpg\" width=\"600\" height=\"422\"><\/div>[\/vc_column][\/vc_row][vc_row equal_column_height=\u00bbmiddle-content\u00bb bg_type=\u00bbimage\u00bb bg_image=\u00bb9005&#8243; bg_image_type=\u00bbparallax\u00bb parallax_sensor=\u00bb150&#8243; font_color=\u00bb#ffffff\u00bb][vc_column][vc_empty_space height=\u00bb120px\u00bb][vc_empty_space height=\u00bb120px\u00bb][vc_column_text]<\/p>\n<p style=\"text-align: center;\"><span style=\"font-size: xx-large;\">\u201cNo es lo que t\u00fa haces a la piedra sino lo que la piedra te hace a ti\u201d.<\/span><\/p>\n<p style=\"text-align: center;\"><em><a>Henry David Thoreau <\/a><\/em><\/p>\n<p>[\/vc_column_text][vc_empty_space height=\u00bb120px\u00bb][vc_empty_space height=\u00bb120px\u00bb][\/vc_column][\/vc_row][vc_row padding_top=\u00bb50&#8243;][vc_column]<div class=\"grve-element grve-callout grve-btn-right\" style=\"\">  <div class=\"grve-callout-wrapper\"><h4 class=\"grve-callout-content grve-h5\">\u00bfNecesitas m\u00e1s informaci\u00f3n? Escr\u00edbenos, te responderemos lo antes posible.<\/h4>  <\/div>  <div class=\"grve-button-wrapper\"><a class=\"grve-btn grve-btn-medium grve-square grve-bg-primary-1 grve-bg-hover-black grve-btn-line\" href=\"http:\/\/bolmax.com\/?page_id=506\" target=\" _blank\" style=\"\"><span>\u00bfHablamos?<\/span><\/a>  <\/div><\/div>[\/vc_column][\/vc_row]<\/p>\n","protected":false},"excerpt":{"rendered":"<p>[vc_row][vc_column][\/vc_column][\/vc_row][vc_row equal_column_height=\u00bbmiddle-content\u00bb padding_top=\u00bb60&#8243; padding_bottom=\u00bb60&#8243;][vc_column width=\u00bb1\/2&#8243; heading_color=\u00bbprimary-1&#8243;][vc_empty_space height=\u00bb20px\u00bb][vc_column_text] Nuestra organizaci\u00f3n se plantea objetivos a corto, mediano y largo plazo, no solo para subsistir sino para reinventarse. La clave de una gesti\u00f3n acertada, est\u00e1 en la gente que en ella participa. Contamos con recursos humanos de alta calidad\u00a0que poseen los conocimientos y la experiencia que se requieren [&hellip;]<\/p>\n","protected":false},"author":1,"featured_media":0,"parent":0,"menu_order":0,"comment_status":"closed","ping_status":"closed","template":"","meta":{"footnotes":""},"class_list":["post-500","page","type-page","status-publish","hentry"],"_links":{"self":[{"href":"https:\/\/bolmax.com\/index.php?rest_route=\/wp\/v2\/pages\/500","targetHints":{"allow":["GET"]}}],"collection":[{"href":"https:\/\/bolmax.com\/index.php?rest_route=\/wp\/v2\/pages"}],"about":[{"href":"https:\/\/bolmax.com\/index.php?rest_route=\/wp\/v2\/types\/page"}],"author":[{"embeddable":true,"href":"https:\/\/bolmax.com\/index.php?rest_route=\/wp\/v2\/users\/1"}],"replies":[{"embeddable":true,"href":"https:\/\/bolmax.com\/index.php?rest_route=%2Fwp%2Fv2%2Fcomments&post=500"}],"version-history":[{"count":24,"href":"https:\/\/bolmax.com\/index.php?rest_route=\/wp\/v2\/pages\/500\/revisions"}],"predecessor-version":[{"id":9129,"href":"https:\/\/bolmax.com\/index.php?rest_route=\/wp\/v2\/pages\/500\/revisions\/9129"}],"wp:attachment":[{"href":"https:\/\/bolmax.com\/index.php?rest_route=%2Fwp%2Fv2%2Fmedia&parent=500"}],"curies":[{"name":"wp","href":"https:\/\/api.w.org\/{rel}","templated":true}]}}