{"id":483,"date":"2015-09-15T11:43:34","date_gmt":"2015-09-15T11:43:34","guid":{"rendered":"http:\/\/bolmax.com\/index.php\/about-us-i\/"},"modified":"2017-11-28T17:16:45","modified_gmt":"2017-11-28T17:16:45","slug":"la-empresa","status":"publish","type":"page","link":"http:\/\/bolmax.com\/?page_id=483","title":{"rendered":"La empresa"},"content":{"rendered":"<p>[vc_row][vc_column]<link href=\"http:\/\/fonts.googleapis.com\/css?family=Montserrat%3A400\" rel=\"stylesheet\" property=\"stylesheet\" type=\"text\/css\" media=\"all\" \/>\n<div id=\"rev_slider_7_1_wrapper\" class=\"rev_slider_wrapper fullwidthbanner-container\" style=\"margin:0px auto;background-color:transparent;padding:0px;margin-top:0px;margin-bottom:0px;\">\n<!-- START REVOLUTION SLIDER 5.2.5.2 fullwidth mode -->\n\t<div id=\"rev_slider_7_1\" class=\"rev_slider fullwidthabanner\" style=\"display:none;\" data-version=\"5.2.5.2\">\n<ul>\t<!-- SLIDE  -->\n\t<li data-index=\"rs-12\" data-transition=\"fade\" data-slotamount=\"default\" data-hideafterloop=\"0\" data-hideslideonmobile=\"off\"  data-easein=\"default\" data-easeout=\"default\" data-masterspeed=\"default\"  data-thumb=\"http:\/\/bolmax.com\/wp-content\/uploads\/2016\/11\/SLIDE-BOLMAX-empresa-100x50.jpg\"  data-rotate=\"0\"  data-saveperformance=\"off\"  data-title=\"Slide\" data-param1=\"\" data-param2=\"\" data-param3=\"\" data-param4=\"\" data-param5=\"\" data-param6=\"\" data-param7=\"\" data-param8=\"\" data-param9=\"\" data-param10=\"\" data-description=\"\">\n\t\t<!-- MAIN IMAGE -->\n\t\t<img loading=\"lazy\" decoding=\"async\" src=\"http:\/\/bolmax.com\/wp-content\/uploads\/2016\/11\/SLIDE-BOLMAX-empresa.jpg\"  alt=\"\" title=\"slide-bolmax-empresa\"  width=\"1620\" height=\"800\" data-bgposition=\"center center\" data-bgfit=\"cover\" data-bgrepeat=\"no-repeat\" data-bgparallax=\"off\" class=\"rev-slidebg\" data-no-retina>\n\t\t<!-- LAYERS -->\n\n\t\t<!-- LAYER NR. 1 -->\n\t\t<div class=\"tp-caption   tp-resizeme\" \n\t\t\t id=\"slide-12-layer-1\" \n\t\t\t data-x=\"['left','left','left','left']\" data-hoffset=\"['216','216','216','216']\" \n\t\t\t data-y=\"['top','top','top','top']\" data-voffset=\"['100','100','100','100']\" \n\t\t\t\t\t\tdata-width=\"603\"\n\t\t\tdata-height=\"243\"\n\t\t\tdata-whitespace=\"normal\"\n\t\t\tdata-transform_idle=\"o:1;\"\n \n\t\t\t data-transform_in=\"opacity:0;s:990;e:Power2.easeInOut;\" \n\t\t\t data-transform_out=\"opacity:0;s:300;\" \n\t\t\tdata-start=\"1110\" \n\t\t\tdata-splitin=\"none\" \n\t\t\tdata-splitout=\"none\" \n\t\t\tdata-responsive_offset=\"on\" \n\n\t\t\t\n\t\t\tstyle=\"z-index: 5; min-width: 603px; max-width: 603px; max-width: 243px; max-width: 243px; white-space: normal; font-size: 50px; line-height: 55px; font-weight: 400; color: rgba(137, 137, 137, 1.00);font-family:Montserrat;\">INNOVAMOS COMO SIEMPRE, PERFECCIONAMOS COMO NUNCA <\/div>\n\t<\/li>\n\t<!-- SLIDE  -->\n\t<li data-index=\"rs-14\" data-transition=\"fade\" data-slotamount=\"default\" data-hideafterloop=\"0\" data-hideslideonmobile=\"off\"  data-easein=\"default\" data-easeout=\"default\" data-masterspeed=\"default\"  data-thumb=\"http:\/\/bolmax.com\/wp-content\/uploads\/2017\/09\/EMPRESA.1-100x50.jpg\"  data-rotate=\"0\"  data-saveperformance=\"off\"  data-title=\"Slide\" data-param1=\"\" data-param2=\"\" data-param3=\"\" data-param4=\"\" data-param5=\"\" data-param6=\"\" data-param7=\"\" data-param8=\"\" data-param9=\"\" data-param10=\"\" data-description=\"\">\n\t\t<!-- MAIN IMAGE -->\n\t\t<img loading=\"lazy\" decoding=\"async\" src=\"http:\/\/bolmax.com\/wp-content\/uploads\/2017\/09\/EMPRESA.1.jpg\"  alt=\"\" title=\"EMPRESA.1\"  width=\"1500\" height=\"1000\" data-bgposition=\"center center\" data-bgfit=\"cover\" data-bgrepeat=\"no-repeat\" data-bgparallax=\"off\" class=\"rev-slidebg\" data-no-retina>\n\t\t<!-- LAYERS -->\n\n\t\t<!-- LAYER NR. 1 -->\n\t\t<div class=\"tp-caption   tp-resizeme\" \n\t\t\t id=\"slide-14-layer-1\" \n\t\t\t data-x=\"['left','left','left','left']\" data-hoffset=\"['216','216','216','216']\" \n\t\t\t data-y=\"['top','top','top','top']\" data-voffset=\"['100','100','100','100']\" \n\t\t\t\t\t\tdata-width=\"603\"\n\t\t\tdata-height=\"243\"\n\t\t\tdata-whitespace=\"normal\"\n\t\t\tdata-transform_idle=\"o:1;\"\n \n\t\t\t data-transform_in=\"opacity:0;s:990;e:Power2.easeInOut;\" \n\t\t\t data-transform_out=\"opacity:0;s:300;\" \n\t\t\tdata-start=\"1110\" \n\t\t\tdata-splitin=\"none\" \n\t\t\tdata-splitout=\"none\" \n\t\t\tdata-responsive_offset=\"on\" \n\n\t\t\t\n\t\t\tstyle=\"z-index: 5; min-width: 603px; max-width: 603px; max-width: 243px; max-width: 243px; white-space: normal; font-size: 50px; line-height: 55px; font-weight: 400; color: rgba(137, 137, 137, 1.00);font-family:Montserrat;\"> <\/div>\n\t<\/li>\n\t<!-- SLIDE  -->\n\t<li data-index=\"rs-15\" data-transition=\"fade\" data-slotamount=\"default\" data-hideafterloop=\"0\" data-hideslideonmobile=\"off\"  data-easein=\"default\" data-easeout=\"default\" data-masterspeed=\"default\"  data-thumb=\"http:\/\/bolmax.com\/wp-content\/uploads\/2017\/09\/EMPRESA.2-100x50.jpg\"  data-rotate=\"0\"  data-saveperformance=\"off\"  data-title=\"Slide\" data-param1=\"\" data-param2=\"\" data-param3=\"\" data-param4=\"\" data-param5=\"\" data-param6=\"\" data-param7=\"\" data-param8=\"\" data-param9=\"\" data-param10=\"\" data-description=\"\">\n\t\t<!-- MAIN IMAGE -->\n\t\t<img loading=\"lazy\" decoding=\"async\" src=\"http:\/\/bolmax.com\/wp-content\/uploads\/2017\/09\/EMPRESA.2.jpg\"  alt=\"\" title=\"EMPRESA.2\"  width=\"1500\" height=\"819\" data-bgposition=\"center center\" data-bgfit=\"cover\" data-bgrepeat=\"no-repeat\" data-bgparallax=\"off\" class=\"rev-slidebg\" data-no-retina>\n\t\t<!-- LAYERS -->\n\n\t\t<!-- LAYER NR. 1 -->\n\t\t<div class=\"tp-caption   tp-resizeme\" \n\t\t\t id=\"slide-15-layer-1\" \n\t\t\t data-x=\"['left','left','left','left']\" data-hoffset=\"['216','216','216','216']\" \n\t\t\t data-y=\"['top','top','top','top']\" data-voffset=\"['100','100','100','100']\" \n\t\t\t\t\t\tdata-width=\"603\"\n\t\t\tdata-height=\"243\"\n\t\t\tdata-whitespace=\"normal\"\n\t\t\tdata-transform_idle=\"o:1;\"\n \n\t\t\t data-transform_in=\"opacity:0;s:990;e:Power2.easeInOut;\" \n\t\t\t data-transform_out=\"opacity:0;s:300;\" \n\t\t\tdata-start=\"1110\" \n\t\t\tdata-splitin=\"none\" \n\t\t\tdata-splitout=\"none\" \n\t\t\tdata-responsive_offset=\"on\" \n\n\t\t\t\n\t\t\tstyle=\"z-index: 5; min-width: 603px; max-width: 603px; max-width: 243px; max-width: 243px; white-space: normal; font-size: 50px; line-height: 55px; font-weight: 400; color: rgba(137, 137, 137, 1.00);font-family:Montserrat;\"> <\/div>\n\t<\/li>\n\t<!-- SLIDE  -->\n\t<li data-index=\"rs-16\" data-transition=\"fade\" data-slotamount=\"default\" data-hideafterloop=\"0\" data-hideslideonmobile=\"off\"  data-easein=\"default\" data-easeout=\"default\" data-masterspeed=\"default\"  data-thumb=\"http:\/\/bolmax.com\/wp-content\/uploads\/2017\/09\/EMPRESA.4-100x50.jpg\"  data-rotate=\"0\"  data-saveperformance=\"off\"  data-title=\"Slide\" data-param1=\"\" data-param2=\"\" data-param3=\"\" data-param4=\"\" data-param5=\"\" data-param6=\"\" data-param7=\"\" data-param8=\"\" data-param9=\"\" data-param10=\"\" data-description=\"\">\n\t\t<!-- MAIN IMAGE -->\n\t\t<img loading=\"lazy\" decoding=\"async\" src=\"http:\/\/bolmax.com\/wp-content\/uploads\/2017\/09\/EMPRESA.4.jpg\"  alt=\"\" title=\"EMPRESA.4\"  width=\"1500\" height=\"1000\" data-bgposition=\"center center\" data-bgfit=\"cover\" data-bgrepeat=\"no-repeat\" data-bgparallax=\"off\" class=\"rev-slidebg\" data-no-retina>\n\t\t<!-- LAYERS -->\n\n\t\t<!-- LAYER NR. 1 -->\n\t\t<div class=\"tp-caption   tp-resizeme\" \n\t\t\t id=\"slide-16-layer-1\" \n\t\t\t data-x=\"['left','left','left','left']\" data-hoffset=\"['216','216','216','216']\" \n\t\t\t data-y=\"['top','top','top','top']\" data-voffset=\"['100','100','100','100']\" \n\t\t\t\t\t\tdata-width=\"603\"\n\t\t\tdata-height=\"243\"\n\t\t\tdata-whitespace=\"normal\"\n\t\t\tdata-transform_idle=\"o:1;\"\n \n\t\t\t data-transform_in=\"opacity:0;s:990;e:Power2.easeInOut;\" \n\t\t\t data-transform_out=\"opacity:0;s:300;\" \n\t\t\tdata-start=\"1110\" \n\t\t\tdata-splitin=\"none\" \n\t\t\tdata-splitout=\"none\" \n\t\t\tdata-responsive_offset=\"on\" \n\n\t\t\t\n\t\t\tstyle=\"z-index: 5; min-width: 603px; max-width: 603px; max-width: 243px; max-width: 243px; white-space: normal; font-size: 50px; line-height: 55px; font-weight: 400; color: rgba(137, 137, 137, 1.00);font-family:Montserrat;\"> <\/div>\n\t<\/li>\n<\/ul>\n<script>var htmlDiv = document.getElementById(\"rs-plugin-settings-inline-css\"); var htmlDivCss=\"\";\r\n\t\t\t\t\t\tif(htmlDiv) {\r\n\t\t\t\t\t\t\thtmlDiv.innerHTML = htmlDiv.innerHTML + htmlDivCss;\r\n\t\t\t\t\t\t}else{\r\n\t\t\t\t\t\t\tvar htmlDiv = document.createElement(\"div\");\r\n\t\t\t\t\t\t\thtmlDiv.innerHTML = \"<style>\" + htmlDivCss + \"<\/style>\";\r\n\t\t\t\t\t\t\tdocument.getElementsByTagName(\"head\")[0].appendChild(htmlDiv.childNodes[0]);\r\n\t\t\t\t\t\t}\r\n\t\t\t\t\t<\/script>\n<div class=\"tp-bannertimer tp-bottom\" style=\"visibility: hidden !important;\"><\/div>\t<\/div>\n<script>var htmlDiv = document.getElementById(\"rs-plugin-settings-inline-css\"); var htmlDivCss=\"\";\r\n\t\t\t\tif(htmlDiv) {\r\n\t\t\t\t\thtmlDiv.innerHTML = htmlDiv.innerHTML + htmlDivCss;\r\n\t\t\t\t}else{\r\n\t\t\t\t\tvar htmlDiv = document.createElement(\"div\");\r\n\t\t\t\t\thtmlDiv.innerHTML = \"<style>\" + htmlDivCss + \"<\/style>\";\r\n\t\t\t\t\tdocument.getElementsByTagName(\"head\")[0].appendChild(htmlDiv.childNodes[0]);\r\n\t\t\t\t}\r\n\t\t\t<\/script>\n\t\t<script type=\"text\/javascript\">\r\n\t\t\t\t\t\t\/******************************************\r\n\t\t\t\t-\tPREPARE PLACEHOLDER FOR SLIDER\t-\r\n\t\t\t******************************************\/\r\n\r\n\t\t\tvar setREVStartSize=function(){\r\n\t\t\t\ttry{var e=new Object,i=jQuery(window).width(),t=9999,r=0,n=0,l=0,f=0,s=0,h=0;\r\n\t\t\t\t\te.c = jQuery('#rev_slider_7_1');\r\n\t\t\t\t\te.responsiveLevels = [1240,1024,1024,1024];\r\n\t\t\t\t\te.gridwidth = [1400,1270,778,480];\r\n\t\t\t\t\te.gridheight = [600,600,960,720];\r\n\t\t\t\t\t\t\t\r\n\t\t\t\t\te.sliderLayout = \"fullwidth\";\r\n\t\t\t\t\tif(e.responsiveLevels&&(jQuery.each(e.responsiveLevels,function(e,f){f>i&&(t=r=f,l=e),i>f&&f>r&&(r=f,n=e)}),t>r&&(l=n)),f=e.gridheight[l]||e.gridheight[0]||e.gridheight,s=e.gridwidth[l]||e.gridwidth[0]||e.gridwidth,h=i\/s,h=h>1?1:h,f=Math.round(h*f),\"fullscreen\"==e.sliderLayout){var u=(e.c.width(),jQuery(window).height());if(void 0!=e.fullScreenOffsetContainer){var c=e.fullScreenOffsetContainer.split(\",\");if (c) jQuery.each(c,function(e,i){u=jQuery(i).length>0?u-jQuery(i).outerHeight(!0):u}),e.fullScreenOffset.split(\"%\").length>1&&void 0!=e.fullScreenOffset&&e.fullScreenOffset.length>0?u-=jQuery(window).height()*parseInt(e.fullScreenOffset,0)\/100:void 0!=e.fullScreenOffset&&e.fullScreenOffset.length>0&&(u-=parseInt(e.fullScreenOffset,0))}f=u}else void 0!=e.minHeight&&f<e.minHeight&&(f=e.minHeight);e.c.closest(\".rev_slider_wrapper\").css({height:f})\r\n\t\t\t\t\t\r\n\t\t\t\t}catch(d){console.log(\"Failure at Presize of Slider:\"+d)}\r\n\t\t\t};\r\n\t\t\t\r\n\t\t\tsetREVStartSize();\r\n\t\t\t\r\n\t\t\t\t\t\tvar tpj=jQuery;\r\n\t\t\t\r\n\t\t\tvar revapi7;\r\n\t\t\ttpj(document).ready(function() {\n\t\t\t\tif(tpj(\"#rev_slider_7_1\").revolution == undefined){\n\t\t\t\t\trevslider_showDoubleJqueryError(\"#rev_slider_7_1\");\n\t\t\t\t}else{\n\t\t\t\t\trevapi7 = tpj(\"#rev_slider_7_1\").show().revolution({\n\t\t\t\t\t\tsliderType:\"standard\",\njsFileLocation:\"\/\/bolmax.com\/wp-content\/plugins\/revslider\/public\/assets\/js\/\",\n\t\t\t\t\t\tsliderLayout:\"fullwidth\",\n\t\t\t\t\t\tdottedOverlay:\"none\",\n\t\t\t\t\t\tdelay:2000,\n\t\t\t\t\t\tnavigation: {\n\t\t\t\t\t\t\tkeyboardNavigation:\"off\",\n\t\t\t\t\t\t\tkeyboard_direction: \"horizontal\",\n\t\t\t\t\t\t\tmouseScrollNavigation:\"off\",\n \t\t\t\t\t\t\tmouseScrollReverse:\"default\",\n\t\t\t\t\t\t\tonHoverStop:\"off\",\n\t\t\t\t\t\t\ttouch:{\n\t\t\t\t\t\t\t\ttouchenabled:\"on\",\n\t\t\t\t\t\t\t\tswipe_threshold: 75,\n\t\t\t\t\t\t\t\tswipe_min_touches: 50,\n\t\t\t\t\t\t\t\tswipe_direction: \"horizontal\",\n\t\t\t\t\t\t\t\tdrag_block_vertical: false\n\t\t\t\t\t\t\t}\n\t\t\t\t\t\t\t,\n\t\t\t\t\t\t\tbullets: {\n\t\t\t\t\t\t\t\tenable:true,\n\t\t\t\t\t\t\t\thide_onmobile:true,\n\t\t\t\t\t\t\t\thide_under:600,\n\t\t\t\t\t\t\t\tstyle:\"hephaistos\",\n\t\t\t\t\t\t\t\thide_onleave:true,\n\t\t\t\t\t\t\t\thide_delay:200,\n\t\t\t\t\t\t\t\thide_delay_mobile:1200,\n\t\t\t\t\t\t\t\tdirection:\"vertical\",\n\t\t\t\t\t\t\t\th_align:\"right\",\n\t\t\t\t\t\t\t\tv_align:\"center\",\n\t\t\t\t\t\t\t\th_offset:30,\n\t\t\t\t\t\t\t\tv_offset:0,\n\t\t\t\t\t\t\t\tspace:5,\n\t\t\t\t\t\t\t\ttmp:''\n\t\t\t\t\t\t\t}\n\t\t\t\t\t\t},\n\t\t\t\t\t\tresponsiveLevels:[1240,1024,1024,1024],\n\t\t\t\t\t\tvisibilityLevels:[1240,1024,1024,1024],\n\t\t\t\t\t\tgridwidth:[1400,1270,778,480],\n\t\t\t\t\t\tgridheight:[600,600,960,720],\n\t\t\t\t\t\tlazyType:\"none\",\n\t\t\t\t\t\tparallax: {\n\t\t\t\t\t\t\ttype:\"mouse\",\n\t\t\t\t\t\t\torigo:\"slidercenter\",\n\t\t\t\t\t\t\tspeed:2000,\n\t\t\t\t\t\t\tlevels:[2,3,4,5,6,7,12,16,10,50,47,48,49,50,51,55],\n\t\t\t\t\t\t\ttype:\"mouse\",\n\t\t\t\t\t\t},\n\t\t\t\t\t\tshadow:0,\n\t\t\t\t\t\tspinner:\"off\",\n\t\t\t\t\t\tstopLoop:\"off\",\n\t\t\t\t\t\tstopAfterLoops:-1,\n\t\t\t\t\t\tstopAtSlide:-1,\n\t\t\t\t\t\tshuffle:\"off\",\n\t\t\t\t\t\tautoHeight:\"off\",\n\t\t\t\t\t\tdisableProgressBar:\"on\",\n\t\t\t\t\t\thideThumbsOnMobile:\"on\",\n\t\t\t\t\t\thideSliderAtLimit:0,\n\t\t\t\t\t\thideCaptionAtLimit:0,\n\t\t\t\t\t\thideAllCaptionAtLilmit:0,\n\t\t\t\t\t\tdebugMode:false,\n\t\t\t\t\t\tfallbacks: {\n\t\t\t\t\t\t\tsimplifyAll:\"off\",\n\t\t\t\t\t\t\tnextSlideOnWindowFocus:\"off\",\n\t\t\t\t\t\t\tdisableFocusListener:false,\n\t\t\t\t\t\t}\n\t\t\t\t\t});\n\t\t\t\t}\n\t\t\t});\t\/*ready*\/\n\t\t<\/script>\r\n\t\t<script>\r\n\t\t\t\t\tvar htmlDivCss = unescape(\".hephaistos%20.tp-bullet%20%7B%0A%09width%3A12px%3B%0A%09height%3A12px%3B%0A%09position%3Aabsolute%3B%0A%09background%3Argba%28153%2C%20153%2C%20153%2C%201%29%3B%0A%09border%3A3px%20solid%20rgba%28255%2C255%2C255%2C0.9%29%3B%0A%09border-radius%3A50%25%3B%0A%09cursor%3A%20pointer%3B%0A%09box-sizing%3Acontent-box%3B%0A%20%20%20%20box-shadow%3A%200px%200px%202px%201px%20rgba%28130%2C130%2C130%2C%200.3%29%3B%0A%7D%0A.hephaistos%20.tp-bullet%3Ahover%2C%0A.hephaistos%20.tp-bullet.selected%20%7B%0A%09background%3Argba%28255%2C%20255%2C%20255%2C%201%29%3B%0A%20%20%20%20border-color%3Argba%280%2C%200%2C%200%2C%201%29%3B%0A%7D%0A\");\r\n\t\t\t\t\tvar htmlDiv = document.getElementById('rs-plugin-settings-inline-css');\r\n\t\t\t\t\tif(htmlDiv) {\r\n\t\t\t\t\t\thtmlDiv.innerHTML = htmlDiv.innerHTML + htmlDivCss;\r\n\t\t\t\t\t}\r\n\t\t\t\t\telse{\r\n\t\t\t\t\t\tvar htmlDiv = document.createElement('div');\r\n\t\t\t\t\t\thtmlDiv.innerHTML = '<style>' + htmlDivCss + '<\/style>';\r\n\t\t\t\t\t\tdocument.getElementsByTagName('head')[0].appendChild(htmlDiv.childNodes[0]);\r\n\t\t\t\t\t}\r\n\t\t\t\t  <\/script>\r\n\t\t\t\t<\/div><!-- END REVOLUTION SLIDER -->[\/vc_column][\/vc_row][vc_row section_type=\u00bbfullwidth\u00bb equal_column_height=\u00bbmiddle-content\u00bb bg_type=\u00bbcolor\u00bb margin_bottom=\u00bb0&#8243; bg_color=\u00bb#f4f4f4&#8243;][vc_column width=\u00bb1\/2&#8243; tablet_sm_width=\u00bb1&#8243; heading_color=\u00bbprimary-1&#8243; css=\u00bb.vc_custom_1479489234787{padding-right: 10% !important;padding-left: 10% !important;background-color: #ffffff !important;background-position: 0 0 !important;background-repeat: no-repeat !important;}\u00bb][vc_empty_space height=\u00bb30&#8243;][vc_empty_space height=\u00bb30&#8243;][vc_empty_space height=\u00bb30&#8243;]<div class=\"grve-element grve-slogan grve-align-left\" style=\"\"><h2 class=\"grve-slogan-title grve-align-left grve-h2\"><span>M\u00c1RMOLES BOLMAX<\/span><\/h2><\/div>[vc_column_text]<\/p>\n<div align=\"justify\">\n<p>Fundada en 1.996, M\u00e1rmoles Bolmax, S.L. inici\u00f3 su actividad en la explotaci\u00f3n de canteras.<\/p>\n<p>Nacida como una peque\u00f1a empresa familiar, a trav\u00e9s de los a\u00f1os ha ido creciendo y expandi\u00e9ndose para comercializar su m\u00e1rmol en el mercado internacional. Hoy es una marca consolidada l\u00edder a nivel mundial.<\/p>\n<p>Somos una empresa joven y din\u00e1mica con una gesti\u00f3n eficiente que, junto al empleo de tecnolog\u00edas innovadoras, hace que seamos un referente en el sector, ofreciendo un producto de calidad con un excelente acabado.<\/p>\n<p>Usamos maquinaria de \u00faltima tecnolog\u00eda que respeta el medio ambiente y garantiza las mejores condiciones de trabajo posibles.<\/p>\n<\/div>\n<p>[\/vc_column_text]<div class=\"grve-element grve-video\" style=\"\"><iframe loading=\"lazy\" src=\"https:\/\/player.vimeo.com\/video\/106803055\" width=\"1080\" height=\"608\" frameborder=\"0\" webkitallowfullscreen mozallowfullscreen allowfullscreen><\/iframe><\/div>[vc_empty_space height=\u00bb30&#8243;][\/vc_column][vc_column width=\u00bb1\/2&#8243; tablet_sm_width=\u00bb1&#8243; heading_color=\u00bbprimary-1&#8243; css=\u00bb.vc_custom_1479489895987{padding-right: 10% !important;padding-left: 10% !important;}\u00bb]<div class=\"grve-element grve-slogan grve-align-left\" style=\"\"><h2 class=\"grve-slogan-title grve-align-left grve-h2\"><span>RESPONSABILIDAD EMPRESARIAL<\/span><\/h2><\/div>[vc_column_text]<\/p>\n<div align=\"justify\">\n<p>En M\u00e1rmoles Bolmax creemos en una proyecci\u00f3n \u00e9tica y comprometida con nuestra actividad econ\u00f3mica para que tenga repercusi\u00f3n en una mejora social, cultural y ambiental de nuestro entorno. Esto nos exige una conciencia empresarial, pero, a la vez, nos ofrece la posibilidad de crecer humanamente a trav\u00e9s de colaboraciones.<\/p>\n<p>Apostamos por el apoyo a asociaciones u organizaciones no gubernamentales que se dedican a la mejora social y por el patrocinio de eventos deportivos que buscan fomentar el deporte en la sociedad como parte importante de un desarrollo saludable.<\/p>\n<p>As\u00ed mismo, colaboramos en la conservaci\u00f3n y promoci\u00f3n del \u00e1mbito cultural, Buscando siempre preservar las tradiciones e impulsar el desarrollo art\u00edstico. Por \u00faltimo, la Responsabilidad Ambiental es mucho m\u00e1s que una iniciativa de reciclaje o de conservaci\u00f3n de la energ\u00eda. No se trata s\u00f3lo de cumplir las normas jur\u00eddicas, sino de considerar todos los impactos ecol\u00f3gicos que puede generar nuestra actividad y minimizarlas al m\u00e1ximo buscando alternativas tecnol\u00f3gicas m\u00e1s limpias.<\/p>\n<\/div>\n<p>[\/vc_column_text][vc_empty_space height=\u00bb60&#8243;][\/vc_column][\/vc_row][vc_row margin_bottom=\u00bb0&#8243;][vc_column desktop_hide=\u00bbhide\u00bb tablet_sm_width=\u00bb1&#8243;]<div class=\"grve-element grve-hr \" style=\"\"><div class=\"grve-line-divider\"><\/div><\/div>[\/vc_column][\/vc_row][vc_row section_type=\u00bbfullwidth\u00bb equal_column_height=\u00bbmiddle-content\u00bb bg_type=\u00bbcolor\u00bb desktop_visibility=\u00bbhide\u00bb tablet_visibility=\u00bbhide\u00bb tablet_sm_visibility=\u00bbhide\u00bb mobile_visibility=\u00bbhide\u00bb][vc_column width=\u00bb1\/2&#8243; tablet_sm_width=\u00bb1&#8243; heading_color=\u00bbprimary-1&#8243; css=\u00bb.vc_custom_1479489906169{padding-right: 10% !important;padding-left: 10% !important;}\u00bb][vc_empty_space height=\u00bb180&#8243;][vc_custom_heading text=\u00bb02.\u00bb font_container=\u00bbtag:div|font_size:80|text_align:left|color:%23d79034|line_height:60px\u00bb css=\u00bb.vc_custom_1479489737780{margin-bottom: 18px !important;}\u00bb]<div class=\"grve-element grve-slogan grve-align-left\" style=\"\"><h2 class=\"grve-slogan-title grve-align-left grve-h2\"><span>PROFESIONALIDAD<\/span><\/h2>  <p class=\"\">Nuestra organizaci\u00f3n se plantea objetivos a corto, mediano y largo plazo, no solo para subsistir sino para reinventarse.\n\n\nLa clave de una gesti\u00f3n acertada, est\u00e1 en la gente que en ella participa. Contamos con recursos humanos de alta calidad que poseen los conocimientos y la experiencia que se requieren y tienen la capacidad de cambiar y ser flexibles de acuerdo a loscambios que nos demanda el mercado, para enfrentar dichos cambios de manera exitosa y ajustarse debidamente a ellos.<\/p><\/div>[vc_empty_space height=\u00bb60&#8243;][\/vc_column][vc_column width=\u00bb1\/2&#8243; tablet_sm_width=\u00bb1&#8243; heading_color=\u00bbprimary-1&#8243; css=\u00bb.vc_custom_1479489874208{padding-right: 10% !important;padding-left: 10% !important;background-color: #ffffff !important;background-position: center !important;background-repeat: no-repeat !important;background-size: cover !important;}\u00bb][vc_empty_space height=\u00bb180&#8243;][vc_custom_heading text=\u00bb03.\u00bb font_container=\u00bbtag:div|font_size:80|text_align:left|color:%23d79034|line_height:60px\u00bb css=\u00bb.vc_custom_1479489774185{margin-bottom: 18px !important;}\u00bb]<div class=\"grve-element grve-slogan grve-align-left\" style=\"\"><h2 class=\"grve-slogan-title grve-align-left grve-h2\"><span>INNOVACI\u00d3N<\/span><\/h2>  <p class=\"\">Realizamos constantes mejoras en nuestro modelo de negocio realizando grandes cambios organizacionales, productivos y tecnol\u00f3gicos con la finalidad de ser m\u00e1s eficientes y conseguir mejores posiciones en el mercado.\n\n\nPor ello, incorporamos nuevos sistemas de producci\u00f3n acordes con las necesidades empresariales, nos adaptamos a las nuevas tecnolog\u00edas, adquirimos maquinaria de \u00faltima generaci\u00f3n, mejoramos nuestros sistemas de control de calidad y optimizamos nuestro sistema de gesti\u00f3n.<\/p><\/div>[vc_empty_space height=\u00bb60&#8243;][\/vc_column][\/vc_row][vc_row equal_column_height=\u00bbmiddle-content\u00bb bg_type=\u00bbimage\u00bb bg_image=\u00bb9059&#8243;][vc_column font_color=\u00bb#ffffff\u00bb][vc_empty_space height=\u00bb120px\u00bb][vc_column_text]<\/p>\n<p style=\"text-align: center;\"><span style=\"font-size: xx-large;\">\u201cLa arquitectura es una m\u00fasica de piedras y la m\u00fasica, una arquitectura de sonidos\u201d.<\/span><\/p>\n<p style=\"text-align: center;\"><em><a>Ludwig Van Beethoven <\/a><\/em><\/p>\n<p>[\/vc_column_text][vc_empty_space height=\u00bb120px\u00bb][\/vc_column][\/vc_row][vc_row padding_top=\u00bb60&#8243;][vc_column]<div class=\"grve-element grve-callout grve-btn-right\" style=\"\">  <div class=\"grve-callout-wrapper\"><h4 class=\"grve-callout-content grve-h5\">\u00bfNecesitas m\u00e1s informaci\u00f3n? Escr\u00edbenos, te responderemos lo antes posible.<\/h4>  <\/div>  <div class=\"grve-button-wrapper\"><a class=\"grve-btn grve-btn-medium grve-square grve-bg-primary-1 grve-bg-hover-black grve-btn-line\" href=\"http:\/\/bolmax.com\/?page_id=506\" target=\" _blank\" style=\"\"><span>\u00bfHablamos?<\/span><\/a>  <\/div><\/div>[\/vc_column][\/vc_row]<\/p>\n","protected":false},"excerpt":{"rendered":"<p>[vc_row][vc_column][\/vc_column][\/vc_row][vc_row section_type=\u00bbfullwidth\u00bb equal_column_height=\u00bbmiddle-content\u00bb bg_type=\u00bbcolor\u00bb margin_bottom=\u00bb0&#8243; bg_color=\u00bb#f4f4f4&#8243;][vc_column width=\u00bb1\/2&#8243; tablet_sm_width=\u00bb1&#8243; heading_color=\u00bbprimary-1&#8243; css=\u00bb.vc_custom_1479489234787{padding-right: 10% !important;padding-left: 10% !important;background-color: #ffffff !important;background-position: 0 0 !important;background-repeat: no-repeat !important;}\u00bb][vc_empty_space height=\u00bb30&#8243;][vc_empty_space height=\u00bb30&#8243;][vc_empty_space height=\u00bb30&#8243;][vc_column_text] Fundada en 1.996, M\u00e1rmoles Bolmax, S.L. inici\u00f3 su actividad en la explotaci\u00f3n de canteras. Nacida como una peque\u00f1a empresa familiar, a trav\u00e9s de los a\u00f1os ha ido creciendo y expandi\u00e9ndose para [&hellip;]<\/p>\n","protected":false},"author":1,"featured_media":0,"parent":0,"menu_order":0,"comment_status":"closed","ping_status":"closed","template":"","meta":{"footnotes":""},"class_list":["post-483","page","type-page","status-publish","hentry"],"_links":{"self":[{"href":"http:\/\/bolmax.com\/index.php?rest_route=\/wp\/v2\/pages\/483","targetHints":{"allow":["GET"]}}],"collection":[{"href":"http:\/\/bolmax.com\/index.php?rest_route=\/wp\/v2\/pages"}],"about":[{"href":"http:\/\/bolmax.com\/index.php?rest_route=\/wp\/v2\/types\/page"}],"author":[{"embeddable":true,"href":"http:\/\/bolmax.com\/index.php?rest_route=\/wp\/v2\/users\/1"}],"replies":[{"embeddable":true,"href":"http:\/\/bolmax.com\/index.php?rest_route=%2Fwp%2Fv2%2Fcomments&post=483"}],"version-history":[{"count":34,"href":"http:\/\/bolmax.com\/index.php?rest_route=\/wp\/v2\/pages\/483\/revisions"}],"predecessor-version":[{"id":9136,"href":"http:\/\/bolmax.com\/index.php?rest_route=\/wp\/v2\/pages\/483\/revisions\/9136"}],"wp:attachment":[{"href":"http:\/\/bolmax.com\/index.php?rest_route=%2Fwp%2Fv2%2Fmedia&parent=483"}],"curies":[{"name":"wp","href":"https:\/\/api.w.org\/{rel}","templated":true}]}}